{"id":138,"date":"2021-09-29T09:05:17","date_gmt":"2021-09-29T07:05:17","guid":{"rendered":"https:\/\/leopharmainnovationgrant.be\/aanvraag\/"},"modified":"2023-10-10T12:45:25","modified_gmt":"2023-10-10T10:45:25","slug":"candidature","status":"publish","type":"page","link":"https:\/\/leopharmainnovationgrant.be\/fr\/candidature\/","title":{"rendered":"Candidature"},"content":{"rendered":"<div  class=\"block wp-block-header text-left d-flex align-items-center p-3 p-md-5\"  style=\"background-image: url('https:\/\/leopharmainnovationgrant.be\/wp-content\/uploads\/2021\/09\/header-aanvraag.jpg')\" >\n    <h1 class=\"text-white\">Candidature<\/h1>\n  <\/div>\n\n\n\n\n<\/div>\n\n\n  <div  class=\"block wp-block-colored-background alignfull bg-light\" >\n    <div class=\"container-lg\">\n      \n\n<h2 class=\"wp-block-heading\">Soumettez et pr\u00e9sentez votre projet ici<\/h2>\n\n\n\n<p><strong>Veuillez soumettre votre projet avant le 15 janvier 2024 \u00e0 minuit.<\/strong><\/p>\n\n\n    <\/div>\n  <\/div>\n\n\n  <div class=\"container-lg\">\n\n\n<\/div>\n\n\n  <div  class=\"block wp-block-colored-background alignfull bg-white\" >\n    <div class=\"container-lg\">\n      \n<p>D\u00e9sol\u00e9. Ce formulaire n\u2019est plus disponible.<\/p>\n\n\n<div style=\"height:100px\" aria-hidden=\"true\" class=\"wp-block-spacer\"><\/div>\n\n\n\n<p><sub>* Conform\u00e9ment \u00e0 la l\u00e9gislation nationale et au code de conduite applicables, les transferts de valeur directs et indirects re\u00e7us par le candidat doivent \u00eatre divulgu\u00e9s par LEO Pharma. LEO Pharma garantit de traiter toutes les informations conform\u00e9ment aux r\u00e8gles\/lois obligatoires pertinentes et de ne signaler ou divulguer les informations que dans la mesure o\u00f9 cela est n\u00e9cessaire pour se conformer aux lois, r\u00e8glements ou normes de l&#8217;industrie pharmaceutique.<\/sub><\/p>\n\n\n    <\/div>\n  <\/div>\n\n\n  <div class=\"container-lg\">\n\n\n<\/div>\n\n\n  <div  class=\"block wp-block-colored-background alignfull bg-primary\" >\n    <div class=\"container-lg\">\n      \n<div  class=\"block wp-block-image-content bg-light\" >\n    <div class=\"row flex-row-reverse\">\n    <div class=\"wp-block-image-content__image col-md-6\">\n      <div class=\"h-100\" style=\"background-image: url('https:\/\/leopharmainnovationgrant.be\/wp-content\/uploads\/2021\/09\/contact.jpg')\">\n        <img loading=\"lazy\" decoding=\"async\" width=\"576\" height=\"322\" src=\"https:\/\/leopharmainnovationgrant.be\/wp-content\/uploads\/2021\/09\/contact.jpg\" class=\"d-md-none\" alt=\"\" \/>\n      <\/div>\n    <\/div>\n    <div class=\"wp-block-image-content__content col-md-6 d-flex align-items-center\">\n      <div class=\"p-3 p-md-4 p-lg-5\">\n        \n\n<h2 class=\"wp-block-heading\">Avez-vous des questions?<\/h2>\n\n\n<div  class=\"block wp-block-buttons text-left\" >\n    <a class=\"btn btn-danger\" href=\"https:\/\/leopharmainnovationgrant.be\/fr\/contact\/\" target=\"\">\n  Contact\n<\/a>\n  <\/div>\n\n\n\n\n      <\/div>\n    <\/div>\n  <\/div>\n  <\/div>\n\n\n\n\n    <\/div>\n  <\/div>\n\n\n  <div class=\"container-lg\">\n","protected":false},"excerpt":{"rendered":"","protected":false},"author":1,"featured_media":0,"parent":0,"menu_order":0,"comment_status":"closed","ping_status":"closed","template":"","meta":{"_acf_changed":false,"footnotes":""},"class_list":["post-138","page","type-page","status-publish","hentry"],"acf":[],"yoast_head":"<!-- This site is optimized with the Yoast SEO plugin v25.1 - https:\/\/yoast.com\/wordpress\/plugins\/seo\/ -->\n<title>Candidature - Leo Pharma Innovation Grant<\/title>\n<meta name=\"robots\" content=\"index, follow, max-snippet:-1, max-image-preview:large, max-video-preview:-1\" \/>\n<link rel=\"canonical\" href=\"https:\/\/leopharmainnovationgrant.be\/fr\/candidature\/\" \/>\n<meta property=\"og:locale\" content=\"fr_FR\" \/>\n<meta property=\"og:type\" content=\"article\" \/>\n<meta property=\"og:title\" content=\"Candidature - Leo Pharma Innovation Grant\" \/>\n<meta property=\"og:url\" content=\"https:\/\/leopharmainnovationgrant.be\/fr\/candidature\/\" \/>\n<meta property=\"og:site_name\" content=\"Leo Pharma Innovation Grant\" \/>\n<meta property=\"article:modified_time\" content=\"2023-10-10T10:45:25+00:00\" \/>\n<meta name=\"twitter:card\" content=\"summary_large_image\" \/>\n<meta name=\"twitter:label1\" content=\"Dur\u00e9e de lecture estim\u00e9e\" \/>\n\t<meta name=\"twitter:data1\" content=\"1 minute\" \/>\n<script type=\"application\/ld+json\" class=\"yoast-schema-graph\">{\"@context\":\"https:\/\/schema.org\",\"@graph\":[{\"@type\":\"WebPage\",\"@id\":\"https:\/\/leopharmainnovationgrant.be\/fr\/candidature\/\",\"url\":\"https:\/\/leopharmainnovationgrant.be\/fr\/candidature\/\",\"name\":\"Candidature - Leo Pharma Innovation Grant\",\"isPartOf\":{\"@id\":\"https:\/\/leopharmainnovationgrant.be\/#website\"},\"datePublished\":\"2021-09-29T07:05:17+00:00\",\"dateModified\":\"2023-10-10T10:45:25+00:00\",\"breadcrumb\":{\"@id\":\"https:\/\/leopharmainnovationgrant.be\/fr\/candidature\/#breadcrumb\"},\"inLanguage\":\"fr-FR\",\"potentialAction\":[{\"@type\":\"ReadAction\",\"target\":[\"https:\/\/leopharmainnovationgrant.be\/fr\/candidature\/\"]}]},{\"@type\":\"BreadcrumbList\",\"@id\":\"https:\/\/leopharmainnovationgrant.be\/fr\/candidature\/#breadcrumb\",\"itemListElement\":[{\"@type\":\"ListItem\",\"position\":1,\"name\":\"Home\",\"item\":\"https:\/\/leopharmainnovationgrant.be\/fr\/home\/\"},{\"@type\":\"ListItem\",\"position\":2,\"name\":\"Candidature\"}]},{\"@type\":\"WebSite\",\"@id\":\"https:\/\/leopharmainnovationgrant.be\/#website\",\"url\":\"https:\/\/leopharmainnovationgrant.be\/\",\"name\":\"Leo Pharma Innovation Grant\",\"description\":\"\",\"publisher\":{\"@id\":\"https:\/\/leopharmainnovationgrant.be\/#organization\"},\"potentialAction\":[{\"@type\":\"SearchAction\",\"target\":{\"@type\":\"EntryPoint\",\"urlTemplate\":\"https:\/\/leopharmainnovationgrant.be\/?s={search_term_string}\"},\"query-input\":{\"@type\":\"PropertyValueSpecification\",\"valueRequired\":true,\"valueName\":\"search_term_string\"}}],\"inLanguage\":\"fr-FR\"},{\"@type\":\"Organization\",\"@id\":\"https:\/\/leopharmainnovationgrant.be\/#organization\",\"name\":\"Leo Pharma\",\"url\":\"https:\/\/leopharmainnovationgrant.be\/\",\"logo\":{\"@type\":\"ImageObject\",\"inLanguage\":\"fr-FR\",\"@id\":\"https:\/\/leopharmainnovationgrant.be\/#\/schema\/logo\/image\/\",\"url\":\"https:\/\/leopharmainnovationgrant.be\/wp-content\/uploads\/2021\/09\/dematologie.svg\",\"contentUrl\":\"https:\/\/leopharmainnovationgrant.be\/wp-content\/uploads\/2021\/09\/dematologie.svg\",\"width\":\"1024\",\"height\":\"1024\",\"caption\":\"Leo Pharma\"},\"image\":{\"@id\":\"https:\/\/leopharmainnovationgrant.be\/#\/schema\/logo\/image\/\"}}]}<\/script>\n<!-- \/ Yoast SEO plugin. -->","yoast_head_json":{"title":"Candidature - Leo Pharma Innovation Grant","robots":{"index":"index","follow":"follow","max-snippet":"max-snippet:-1","max-image-preview":"max-image-preview:large","max-video-preview":"max-video-preview:-1"},"canonical":"https:\/\/leopharmainnovationgrant.be\/fr\/candidature\/","og_locale":"fr_FR","og_type":"article","og_title":"Candidature - Leo Pharma Innovation Grant","og_url":"https:\/\/leopharmainnovationgrant.be\/fr\/candidature\/","og_site_name":"Leo Pharma Innovation Grant","article_modified_time":"2023-10-10T10:45:25+00:00","twitter_card":"summary_large_image","twitter_misc":{"Dur\u00e9e de lecture estim\u00e9e":"1 minute"},"schema":{"@context":"https:\/\/schema.org","@graph":[{"@type":"WebPage","@id":"https:\/\/leopharmainnovationgrant.be\/fr\/candidature\/","url":"https:\/\/leopharmainnovationgrant.be\/fr\/candidature\/","name":"Candidature - Leo Pharma Innovation Grant","isPartOf":{"@id":"https:\/\/leopharmainnovationgrant.be\/#website"},"datePublished":"2021-09-29T07:05:17+00:00","dateModified":"2023-10-10T10:45:25+00:00","breadcrumb":{"@id":"https:\/\/leopharmainnovationgrant.be\/fr\/candidature\/#breadcrumb"},"inLanguage":"fr-FR","potentialAction":[{"@type":"ReadAction","target":["https:\/\/leopharmainnovationgrant.be\/fr\/candidature\/"]}]},{"@type":"BreadcrumbList","@id":"https:\/\/leopharmainnovationgrant.be\/fr\/candidature\/#breadcrumb","itemListElement":[{"@type":"ListItem","position":1,"name":"Home","item":"https:\/\/leopharmainnovationgrant.be\/fr\/home\/"},{"@type":"ListItem","position":2,"name":"Candidature"}]},{"@type":"WebSite","@id":"https:\/\/leopharmainnovationgrant.be\/#website","url":"https:\/\/leopharmainnovationgrant.be\/","name":"Leo Pharma Innovation Grant","description":"","publisher":{"@id":"https:\/\/leopharmainnovationgrant.be\/#organization"},"potentialAction":[{"@type":"SearchAction","target":{"@type":"EntryPoint","urlTemplate":"https:\/\/leopharmainnovationgrant.be\/?s={search_term_string}"},"query-input":{"@type":"PropertyValueSpecification","valueRequired":true,"valueName":"search_term_string"}}],"inLanguage":"fr-FR"},{"@type":"Organization","@id":"https:\/\/leopharmainnovationgrant.be\/#organization","name":"Leo Pharma","url":"https:\/\/leopharmainnovationgrant.be\/","logo":{"@type":"ImageObject","inLanguage":"fr-FR","@id":"https:\/\/leopharmainnovationgrant.be\/#\/schema\/logo\/image\/","url":"https:\/\/leopharmainnovationgrant.be\/wp-content\/uploads\/2021\/09\/dematologie.svg","contentUrl":"https:\/\/leopharmainnovationgrant.be\/wp-content\/uploads\/2021\/09\/dematologie.svg","width":"1024","height":"1024","caption":"Leo Pharma"},"image":{"@id":"https:\/\/leopharmainnovationgrant.be\/#\/schema\/logo\/image\/"}}]}},"_links":{"self":[{"href":"https:\/\/leopharmainnovationgrant.be\/fr\/wp-json\/wp\/v2\/pages\/138","targetHints":{"allow":["GET"]}}],"collection":[{"href":"https:\/\/leopharmainnovationgrant.be\/fr\/wp-json\/wp\/v2\/pages"}],"about":[{"href":"https:\/\/leopharmainnovationgrant.be\/fr\/wp-json\/wp\/v2\/types\/page"}],"author":[{"embeddable":true,"href":"https:\/\/leopharmainnovationgrant.be\/fr\/wp-json\/wp\/v2\/users\/1"}],"replies":[{"embeddable":true,"href":"https:\/\/leopharmainnovationgrant.be\/fr\/wp-json\/wp\/v2\/comments?post=138"}],"version-history":[{"count":11,"href":"https:\/\/leopharmainnovationgrant.be\/fr\/wp-json\/wp\/v2\/pages\/138\/revisions"}],"predecessor-version":[{"id":469,"href":"https:\/\/leopharmainnovationgrant.be\/fr\/wp-json\/wp\/v2\/pages\/138\/revisions\/469"}],"wp:attachment":[{"href":"https:\/\/leopharmainnovationgrant.be\/fr\/wp-json\/wp\/v2\/media?parent=138"}],"curies":[{"name":"wp","href":"https:\/\/api.w.org\/{rel}","templated":true}]}}